{"id":96,"date":"2021-03-24T10:49:49","date_gmt":"2021-03-24T13:49:49","guid":{"rendered":"https:\/\/bioalfa.com.br\/site\/?page_id=96"},"modified":"2021-11-18T16:18:08","modified_gmt":"2021-11-18T19:18:08","slug":"produtos","status":"publish","type":"page","link":"https:\/\/bioalfa.com.br\/site\/produtos\/","title":{"rendered":"Produtos"},"content":{"rendered":"\t<section class=\"section\" id=\"section_199272995\">\n\t\t<div class=\"bg section-bg fill bg-fill  bg-loaded\" >\n\n\t\t\t\n\t\t\t\n\t\t\t\n\n\t\t<\/div>\n\n\t\t<div class=\"section-content relative\">\n\t\t\t\n<h1 class=\"uppercase\" style=\"text-align: center;\"><span style=\"font-size: 130%; color: #90cd49;\">Produtos<\/span><\/h1>\n<div class=\"row\"  id=\"row-1583615353\">\n\n\t<div class=\"col small-12 large-12\"  >\n\t\t<div class=\"col-inner\"  >\n\t\t\t\n\t\t\t\n<p><span style=\"color: #000000; font-size: 120%;\">Produtos inteligentes adequados tanto para aplica\u00e7\u00f5es de forma convencional como para novas t\u00e9cnicas de dosagem de precis\u00e3o, oferecendo as plantas exatamente o suficiente para seu pleno desenvolvimento, minimizando custos e desperd\u00edcios, reaproveitando nutrientes j\u00e1 existentes no solo, buscando o m\u00e1ximo potencial natural rumo a sustentabilidade produtiva.<\/span><\/p>\n\t\t<\/div>\n\t<\/div>\n\n\t\n<\/div>\n<div class=\"row align-middle align-center\"  id=\"row-571101002\">\n\n\t<div class=\"col medium-4 small-12 large-4\"  data-animate=\"bounceIn\">\n\t\t<div class=\"col-inner text-center\"  >\n\t\t\t\n\t\t\t\n\t<div class=\"img has-hover x md-x lg-x y md-y lg-y\" id=\"image_1515595757\">\n\t\t<a class=\"\" href=\"https:\/\/bioalfa.com.br\/site\/delta\/\"  >\t\t\t\t\t\t<div class=\"img-inner box-shadow-5-hover dark\" >\n\t\t\t<img width=\"1280\" height=\"914\" src=\"https:\/\/bioalfa.com.br\/site\/wp-content\/uploads\/2021\/11\/A4.jpeg\" class=\"attachment-original size-original\" alt=\"\" loading=\"lazy\" srcset=\"https:\/\/bioalfa.com.br\/site\/wp-content\/uploads\/2021\/11\/A4.jpeg 1280w, https:\/\/bioalfa.com.br\/site\/wp-content\/uploads\/2021\/11\/A4-300x214.jpeg 300w, https:\/\/bioalfa.com.br\/site\/wp-content\/uploads\/2021\/11\/A4-1024x731.jpeg 1024w, https:\/\/bioalfa.com.br\/site\/wp-content\/uploads\/2021\/11\/A4-768x548.jpeg 768w\" sizes=\"(max-width: 1280px) 100vw, 1280px\" \/>\t\t\t\t\t\t\n\t\t\t\t\t<\/div>\n\t\t\t\t\t\t<\/a>\t\t\n<style scope=\"scope\">\n\n#image_1515595757 {\n  width: 100%;\n}\n<\/style>\n\t<\/div>\n\t\n<h1 style=\"text-align: center;\"><a href=\"https:\/\/bioalfa.com.br\/site\/delta\/\"><span style=\"color: #000000;\"><strong>DELTA<\/strong><\/span><\/a><\/h1>\n<p style=\"text-align: center;\">Fertilizante foliar flu\u00eddo composto por c\u00e1lcio, ativador de enzimas , altamente sin\u00e9rgico.<\/p>\n\t\t<\/div>\n\t<\/div>\n\n\t\n\n\t<div class=\"col medium-4 small-12 large-4\"  data-animate=\"bounceIn\">\n\t\t<div class=\"col-inner text-center\" style=\"margin:-47px 0px 0px 0px;\" >\n\t\t\t\n\t\t\t\n\t<div class=\"img has-hover x md-x lg-x y md-y lg-y\" id=\"image_1510726126\">\n\t\t<a class=\"\" href=\"https:\/\/bioalfa.com.br\/site\/reset-200\/\"  >\t\t\t\t\t\t<div class=\"img-inner box-shadow-5-hover dark\" >\n\t\t\t<img width=\"1280\" height=\"914\" src=\"https:\/\/bioalfa.com.br\/site\/wp-content\/uploads\/2021\/11\/A1.jpeg\" class=\"attachment-original size-original\" alt=\"\" loading=\"lazy\" srcset=\"https:\/\/bioalfa.com.br\/site\/wp-content\/uploads\/2021\/11\/A1.jpeg 1280w, https:\/\/bioalfa.com.br\/site\/wp-content\/uploads\/2021\/11\/A1-300x214.jpeg 300w, https:\/\/bioalfa.com.br\/site\/wp-content\/uploads\/2021\/11\/A1-1024x731.jpeg 1024w, https:\/\/bioalfa.com.br\/site\/wp-content\/uploads\/2021\/11\/A1-768x548.jpeg 768w\" sizes=\"(max-width: 1280px) 100vw, 1280px\" \/>\t\t\t\t\t\t\n\t\t\t\t\t<\/div>\n\t\t\t\t\t\t<\/a>\t\t\n<style scope=\"scope\">\n\n#image_1510726126 {\n  width: 100%;\n}\n<\/style>\n\t<\/div>\n\t\n<h1 style=\"text-align: center;\"><a href=\"https:\/\/bioalfa.com.br\/site\/reset-200\/\"><span style=\"color: #000000;\"><strong>RESET200<\/strong><\/span><\/a><\/h1>\n<p style=\"text-align: center;\">Fertilizante foliar flu\u00eddo de alta performance, atua no metabolismo e prote\u00e7\u00e3o das plantas.<\/p>\n\t\t<\/div>\n\t<\/div>\n\n\t\n\n\t<div class=\"col medium-4 small-12 large-4\"  data-animate=\"bounceIn\">\n\t\t<div class=\"col-inner text-center\" style=\"margin:-17px 0px 0px 0px;\" >\n\t\t\t\n\t\t\t\n\t<div class=\"img has-hover x md-x lg-x y md-y lg-y\" id=\"image_1840238103\">\n\t\t<a class=\"\" href=\"https:\/\/bioalfa.com.br\/site\/bioseiva\/\"  >\t\t\t\t\t\t<div class=\"img-inner box-shadow-5-hover dark\" >\n\t\t\t<img width=\"2083\" height=\"1562\" src=\"https:\/\/bioalfa.com.br\/site\/wp-content\/uploads\/2021\/04\/Bioseiva_Sache.jpg\" class=\"attachment-original size-original\" alt=\"\" loading=\"lazy\" srcset=\"https:\/\/bioalfa.com.br\/site\/wp-content\/uploads\/2021\/04\/Bioseiva_Sache.jpg 2083w, https:\/\/bioalfa.com.br\/site\/wp-content\/uploads\/2021\/04\/Bioseiva_Sache-300x225.jpg 300w, https:\/\/bioalfa.com.br\/site\/wp-content\/uploads\/2021\/04\/Bioseiva_Sache-1024x768.jpg 1024w, https:\/\/bioalfa.com.br\/site\/wp-content\/uploads\/2021\/04\/Bioseiva_Sache-768x576.jpg 768w, https:\/\/bioalfa.com.br\/site\/wp-content\/uploads\/2021\/04\/Bioseiva_Sache-1536x1152.jpg 1536w, https:\/\/bioalfa.com.br\/site\/wp-content\/uploads\/2021\/04\/Bioseiva_Sache-2048x1536.jpg 2048w\" sizes=\"(max-width: 2083px) 100vw, 2083px\" \/>\t\t\t\t\t\t\n\t\t\t\t\t<\/div>\n\t\t\t\t\t\t<\/a>\t\t\n<style scope=\"scope\">\n\n#image_1840238103 {\n  width: 100%;\n}\n<\/style>\n\t<\/div>\n\t\n<h1 style=\"text-align: center;\"><a href=\"https:\/\/bioalfa.com.br\/site\/bioseiva\/\"><span style=\"color: #000000;\"><strong>BIOSEIVA<\/strong><\/span><\/a><\/h1>\n<p style=\"text-align: center;\">Super condicionador de solo<\/p>\n\t\t<\/div>\n\t<\/div>\n\n\t\n\n\t<div class=\"col medium-4 small-12 large-4\"  data-animate=\"bounceIn\">\n\t\t<div class=\"col-inner text-center\"  >\n\t\t\t\n\t\t\t\n\t<div class=\"img has-hover x md-x lg-x y md-y lg-y\" id=\"image_2127713662\">\n\t\t<a class=\"\" href=\"https:\/\/bioalfa.com.br\/site\/raitech\/\"  >\t\t\t\t\t\t<div class=\"img-inner box-shadow-5-hover dark\" >\n\t\t\t<img width=\"1280\" height=\"914\" src=\"https:\/\/bioalfa.com.br\/site\/wp-content\/uploads\/2021\/11\/A2.jpeg\" class=\"attachment-original size-original\" alt=\"\" loading=\"lazy\" srcset=\"https:\/\/bioalfa.com.br\/site\/wp-content\/uploads\/2021\/11\/A2.jpeg 1280w, https:\/\/bioalfa.com.br\/site\/wp-content\/uploads\/2021\/11\/A2-300x214.jpeg 300w, https:\/\/bioalfa.com.br\/site\/wp-content\/uploads\/2021\/11\/A2-1024x731.jpeg 1024w, https:\/\/bioalfa.com.br\/site\/wp-content\/uploads\/2021\/11\/A2-768x548.jpeg 768w\" sizes=\"(max-width: 1280px) 100vw, 1280px\" \/>\t\t\t\t\t\t\n\t\t\t\t\t<\/div>\n\t\t\t\t\t\t<\/a>\t\t\n<style scope=\"scope\">\n\n#image_2127713662 {\n  width: 100%;\n}\n<\/style>\n\t<\/div>\n\t\n<h1 style=\"text-align: center;\"><a href=\"https:\/\/bioalfa.com.br\/site\/raitech\/\"><span style=\"color: #000000;\"><strong>RAITECH<\/strong><\/span><\/a><\/h1>\n<p style=\"text-align: center;\">Fertilizante\u00a0 classe A, enraizador com alta compatibilidade org\u00e2nica.<\/p>\n\t\t<\/div>\n\t<\/div>\n\n\t\n\n\t<div class=\"col medium-4 small-12 large-4\"  data-animate=\"bounceIn\">\n\t\t<div class=\"col-inner text-center\"  >\n\t\t\t\n\t\t\t\n\t<div class=\"img has-hover x md-x lg-x y md-y lg-y\" id=\"image_925322744\">\n\t\t<a class=\"\" href=\"https:\/\/bioalfa.com.br\/site\/bioest-plus\/\"  >\t\t\t\t\t\t<div class=\"img-inner box-shadow-5-hover dark\" >\n\t\t\t<img width=\"1280\" height=\"914\" src=\"https:\/\/bioalfa.com.br\/site\/wp-content\/uploads\/2021\/11\/A3.jpeg\" class=\"attachment-original size-original\" alt=\"\" loading=\"lazy\" srcset=\"https:\/\/bioalfa.com.br\/site\/wp-content\/uploads\/2021\/11\/A3.jpeg 1280w, https:\/\/bioalfa.com.br\/site\/wp-content\/uploads\/2021\/11\/A3-300x214.jpeg 300w, https:\/\/bioalfa.com.br\/site\/wp-content\/uploads\/2021\/11\/A3-1024x731.jpeg 1024w, https:\/\/bioalfa.com.br\/site\/wp-content\/uploads\/2021\/11\/A3-768x548.jpeg 768w\" sizes=\"(max-width: 1280px) 100vw, 1280px\" \/>\t\t\t\t\t\t\n\t\t\t\t\t<\/div>\n\t\t\t\t\t\t<\/a>\t\t\n<style scope=\"scope\">\n\n#image_925322744 {\n  width: 100%;\n}\n<\/style>\n\t<\/div>\n\t\n<h1 style=\"text-align: center;\"><a href=\"https:\/\/bioalfa.com.br\/site\/bioest-plus\/\"><span style=\"color: #000000;\"><strong>BIOEST PLUS<\/strong><\/span><\/a><\/h1>\n<p style=\"text-align: center;\">Fertilizante foliar, altamente sin\u00e9rgico.<\/p>\n\t\t<\/div>\n\t<\/div>\n\n\t\n\n\t<div class=\"col medium-4 small-12 large-4\"  data-animate=\"bounceIn\">\n\t\t<div class=\"col-inner text-center\" style=\"margin:-16px 0px 0px 0px;\" >\n\t\t\t\n\t\t\t\n\t<div class=\"img has-hover x md-x lg-x y md-y lg-y\" id=\"image_2006386703\">\n\t\t<a class=\"\" href=\"https:\/\/bioalfa.com.br\/site\/biopol\/\"  >\t\t\t\t\t\t<div class=\"img-inner box-shadow-5-hover dark\" >\n\t\t\t<img width=\"1020\" height=\"765\" src=\"https:\/\/bioalfa.com.br\/site\/wp-content\/uploads\/2021\/04\/Biopol_Sache-1024x768.jpg\" class=\"attachment-large size-large\" alt=\"\" loading=\"lazy\" srcset=\"https:\/\/bioalfa.com.br\/site\/wp-content\/uploads\/2021\/04\/Biopol_Sache-1024x768.jpg 1024w, https:\/\/bioalfa.com.br\/site\/wp-content\/uploads\/2021\/04\/Biopol_Sache-300x225.jpg 300w, https:\/\/bioalfa.com.br\/site\/wp-content\/uploads\/2021\/04\/Biopol_Sache-768x576.jpg 768w, https:\/\/bioalfa.com.br\/site\/wp-content\/uploads\/2021\/04\/Biopol_Sache-1536x1152.jpg 1536w, https:\/\/bioalfa.com.br\/site\/wp-content\/uploads\/2021\/04\/Biopol_Sache-2048x1536.jpg 2048w\" sizes=\"(max-width: 1020px) 100vw, 1020px\" \/>\t\t\t\t\t\t\n\t\t\t\t\t<\/div>\n\t\t\t\t\t\t<\/a>\t\t\n<style scope=\"scope\">\n\n#image_2006386703 {\n  width: 100%;\n}\n<\/style>\n\t<\/div>\n\t\n<h1 style=\"text-align: center;\"><a href=\"https:\/\/bioalfa.com.br\/site\/biopol\/\"><span style=\"color: #000000;\"><strong>BIOPOL<\/strong><\/span><\/a><\/h1>\n<p style=\"text-align: center;\">Biopol\u00edmero de origem natural,\u00a0 super absorvente.<\/p>\n\t\t<\/div>\n\t<\/div>\n\n\t\n\n<style scope=\"scope\">\n\n<\/style>\n<\/div>\n\t\t<\/div>\n\n\t\t\n<style scope=\"scope\">\n\n#section_199272995 {\n  padding-top: 30px;\n  padding-bottom: 30px;\n}\n<\/style>\n\t<\/section>\n\t\n","protected":false},"excerpt":{"rendered":"","protected":false},"author":1,"featured_media":0,"parent":0,"menu_order":0,"comment_status":"closed","ping_status":"closed","template":"page-blank.php","meta":[],"_links":{"self":[{"href":"https:\/\/bioalfa.com.br\/site\/wp-json\/wp\/v2\/pages\/96"}],"collection":[{"href":"https:\/\/bioalfa.com.br\/site\/wp-json\/wp\/v2\/pages"}],"about":[{"href":"https:\/\/bioalfa.com.br\/site\/wp-json\/wp\/v2\/types\/page"}],"author":[{"embeddable":true,"href":"https:\/\/bioalfa.com.br\/site\/wp-json\/wp\/v2\/users\/1"}],"replies":[{"embeddable":true,"href":"https:\/\/bioalfa.com.br\/site\/wp-json\/wp\/v2\/comments?post=96"}],"version-history":[{"count":14,"href":"https:\/\/bioalfa.com.br\/site\/wp-json\/wp\/v2\/pages\/96\/revisions"}],"predecessor-version":[{"id":420,"href":"https:\/\/bioalfa.com.br\/site\/wp-json\/wp\/v2\/pages\/96\/revisions\/420"}],"wp:attachment":[{"href":"https:\/\/bioalfa.com.br\/site\/wp-json\/wp\/v2\/media?parent=96"}],"curies":[{"name":"wp","href":"https:\/\/api.w.org\/{rel}","templated":true}]}}