{"id":87,"date":"2021-03-24T10:13:57","date_gmt":"2021-03-24T13:13:57","guid":{"rendered":"https:\/\/bioalfa.com.br\/site\/?page_id=87"},"modified":"2021-11-18T09:45:34","modified_gmt":"2021-11-18T12:45:34","slug":"nossa-tecnologia","status":"publish","type":"page","link":"https:\/\/bioalfa.com.br\/site\/nossa-tecnologia\/","title":{"rendered":"Nossa Tecnologia"},"content":{"rendered":"\t<section class=\"section\" id=\"section_1235407120\">\n\t\t<div class=\"bg section-bg fill bg-fill  bg-loaded\" >\n\n\t\t\t\n\t\t\t\n\t\t\t\n\n\t\t<\/div>\n\n\t\t<div class=\"section-content relative\">\n\t\t\t\n<h1 class=\"uppercase\" style=\"text-align: center;\"><span style=\"font-size: 150%; color: #90cd49;\">Nossa Tecnologia<\/span><\/h1>\n<div class=\"row row-collapse row-full-width\"  id=\"row-2085725646\">\n\n\t<div class=\"col medium-12 small-12 large-6\"  data-animate=\"fadeInLeft\">\n\t\t<div class=\"col-inner text-center\" style=\"padding:0px 30px 0px 30px;\" >\n\t\t\t\n\t\t\t\n<h1 style=\"text-align: center;\"><span style=\"color: #90cd49;\"><strong>BIOFLOW\u2122<\/strong><\/span><\/h1>\n<p>\u00a0<\/p>\n<ul>\n<li style=\"text-align: left;\"><span style=\"font-size: 110%; color: #000000;\"><span style=\"color: #90cd49;\"><strong>BIOFLOW \u2122<\/strong><\/span> &#8211;\u00a0Tecnologia in\u00e9dita aplicada em todas nossas formula\u00e7\u00f5es, composta por um blend de componentes que proporciona uma nova forma de assimila\u00e7\u00e3o de nutrientes e ativos. Efeito catalisador que padroniza e regula o fluxo de absor\u00e7\u00e3o, penetra\u00e7\u00e3o, transloca\u00e7\u00e3o e transporte de \u00edons e elementos.<br \/>A tecnologia <span style=\"color: #90cd49;\"><strong>BIOFLOW \u2122<\/strong><\/span> combina v\u00e1rios mecanismos de a\u00e7\u00e3o como: equil\u00edbrio da tens\u00e3o superficial, hidrofobicidade, tamanho e geometria molecular, componentes de origem natural criando afinidade com o sistema radicular e foliar.<br \/><\/span><\/li>\n<li style=\"text-align: left;\"><span style=\"font-size: 110%;\"><strong><span style=\"color: #90cd49;\">BENEF\u00cdCIOS:<\/span> <\/strong><span style=\"color: #000000;\">Aumenta a produtividade e rentabilidade favorece o desenvolvimento equilibrado.<\/span><\/span><br \/><span style=\"color: #000000; font-size: 110%;\">Melhora a absor\u00e7\u00e3o e aproveitamento dos nutrientes e ativos.<\/span><br \/><span style=\"color: #000000; font-size: 110%;\">Aprimora a compatibilidade das misturas.<\/span><br \/><span style=\"color: #000000; font-size: 110%;\">Minimiza os efeitos de estresses abi\u00f3ticos.<\/span><br \/><span style=\"color: #000000; font-size: 110%;\">A\u00e7\u00e3o mais prolongada.<\/span><\/li>\n<\/ul>\n<p style=\"text-align: center;\"><span style=\"color: #90cd49; font-size: 120%;\"><strong>Aumenta e padroniza o fluxo de absor\u00e7\u00e3o de nutrientes e princ\u00edpios ativos<\/strong><\/span><\/p>\n\t<div class=\"img has-hover x md-x lg-x y md-y lg-y\" id=\"image_51267310\">\n\t\t\t\t\t\t\t\t<div class=\"img-inner dark\" >\n\t\t\t<img width=\"1020\" height=\"847\" src=\"https:\/\/bioalfa.com.br\/site\/wp-content\/uploads\/2021\/04\/sdf-1-1024x850.png\" class=\"attachment-large size-large\" alt=\"\" loading=\"lazy\" srcset=\"https:\/\/bioalfa.com.br\/site\/wp-content\/uploads\/2021\/04\/sdf-1-1024x850.png 1024w, https:\/\/bioalfa.com.br\/site\/wp-content\/uploads\/2021\/04\/sdf-1-300x249.png 300w, https:\/\/bioalfa.com.br\/site\/wp-content\/uploads\/2021\/04\/sdf-1-768x638.png 768w, https:\/\/bioalfa.com.br\/site\/wp-content\/uploads\/2021\/04\/sdf-1.png 1280w\" sizes=\"(max-width: 1020px) 100vw, 1020px\" \/>\t\t\t\t\t\t\n\t\t\t\t\t<\/div>\n\t\t\t\t\t\t\t\t\n<style scope=\"scope\">\n\n#image_51267310 {\n  width: 30%;\n}\n<\/style>\n\t<\/div>\n\t\n\t\t<\/div>\n\t<\/div>\n\n\t\n\n\t<div class=\"col medium-12 small-12 large-6\"  >\n\t\t<div class=\"col-inner\"  >\n\t\t\t\n\t\t\t\n\n  <div class=\"banner has-hover has-video\" id=\"banner-36261602\">\n          <div class=\"banner-inner fill\">\n        <div class=\"banner-bg fill\" >\n            <div class=\"bg fill bg-fill \"><\/div>\n            \t<div class=\"video-overlay no-click fill visible\"><\/div>\n\t<video class=\"video-bg fill visible\" preload playsinline autoplay\n\t\tmuted\t\tloop>\n\t\t<source src=\"https:\/\/bioalfa.com.br\/site\/wp-content\/uploads\/2021\/06\/esse1.mov\" type=\"video\/mp4\">\t<\/video>\n                        \n\t<div class=\"is-border\"\n\t\tstyle=\"border-color:rgb(144, 205, 73);border-width:15px 15px 15px 15px;\">\n\t<\/div>\n                    <\/div>\n        <div class=\"banner-layers container\">\n            <div class=\"fill banner-link\"><\/div>            \n        <\/div>\n      <\/div>\n\n            \n<style scope=\"scope\">\n\n#banner-36261602 {\n  padding-top: 44%;\n}\n#banner-36261602 .bg.bg-loaded {\n  background-image: 314;\n}\n\n\n@media (min-width:850px) {\n\n  #banner-36261602 {\n    padding-top: 96%;\n  }\n\n}\n<\/style>\n  <\/div>\n\n\n\t\t<\/div>\n\t<\/div>\n\n\t\n\n\t<div class=\"col medium-12 small-12 large-6\"  >\n\t\t<div class=\"col-inner\"  >\n\t\t\t\n\t\t\t\n\n  <div class=\"banner has-hover has-video\" id=\"banner-1512481433\">\n          <div class=\"banner-inner fill\">\n        <div class=\"banner-bg fill\" >\n            <div class=\"bg fill bg-fill \"><\/div>\n            \t<div class=\"video-overlay no-click fill visible\"><\/div>\n\t<video class=\"video-bg fill visible\" preload playsinline autoplay\n\t\tmuted\t\tloop>\n\t\t<source src=\"https:\/\/bioalfa.com.br\/site\/wp-content\/uploads\/2021\/06\/esse2-2.mov\" type=\"video\/mp4\">\t<\/video>\n                        \n\t<div class=\"is-border\"\n\t\tstyle=\"border-color:rgb(144, 205, 73);border-width:16px 15px 15px 15px;\">\n\t<\/div>\n                    <\/div>\n        <div class=\"banner-layers container\">\n            <div class=\"fill banner-link\"><\/div>            \n        <\/div>\n      <\/div>\n\n            \n<style scope=\"scope\">\n\n#banner-1512481433 {\n  padding-top: 45%;\n}\n#banner-1512481433 .bg.bg-loaded {\n  background-image: 318;\n}\n\n\n@media (min-width:850px) {\n\n  #banner-1512481433 {\n    padding-top: 130%;\n  }\n\n}\n<\/style>\n  <\/div>\n\n\n\t\t<\/div>\n\t<\/div>\n\n\t\n\n\t<div class=\"col medium-12 small-12 large-6\"  data-animate=\"fadeInRight\">\n\t\t<div class=\"col-inner text-center\" style=\"padding:0px 30px 0px 30px;\" >\n\t\t\t\n\t\t\t\n<h1 style=\"text-align: center;\"><span style=\"color: #90cd49;\"><strong>BIOPOL\u2122<\/strong><\/span><\/h1>\n<p style=\"text-align: left;\">\u00a0<\/p>\n<ul>\n<li style=\"text-align: left;\">\n<p><span style=\"color: #000000;\"><span style=\"color: #90cd49;\"><strong>BIOPOL<\/strong><strong>\u2122 <\/strong><\/span>Blend de micronutrientes encapsulados atrav\u00e9s de Biopol\u00edmeros (PO) para enriquecimento e desenvolvimento biol\u00f3gico (bact\u00e9rias diazotr\u00f3ficas) do solo, na forma de p\u00f3 micronizado associado ao supergel org\u00e2nico (nano part\u00edculas);<br \/><\/span><span style=\"color: #000000;\">Super condicionador de solos, tecnologia exclusiva no Brasil &#8211; Delivery systems;<\/span><\/p>\n<\/li>\n<li style=\"text-align: left;\">\n<p><span style=\"color: #000000;\"><strong><span style=\"color: #90cd49;\">COMPOSI\u00c7\u00c3O:<\/span> <\/strong>Biopol\u00edmero de origem natural BIOPOL\u2122: super absorvente, encapsulante, meio de cultura seletivo de alta performance;<\/span><\/p>\n<\/li>\n<li style=\"text-align: left;\">\n<p><span style=\"color: #000000;\"><strong><span style=\"color: #90cd49;\">BENEF\u00cdCIOS:<\/span> \u00a0<\/strong>Melhora a intera\u00e7\u00e3o com a estrutura do solo, principalmente na faixa dos microporos;<br \/><\/span><span style=\"color: #000000;\">Otimiza a afinidade da \u00e1gua com as part\u00edculas do solo, equil\u00edbrio das cargas el\u00e9tricas: Energia Livre de GIBBS, a\u00e7\u00e3o f\u00edsico-qu\u00edmica da \u00e1gua; Maior capacidade de armazenamento; Carga hidr\u00e1ulica positiva;<br \/><\/span><span style=\"color: #000000; font-size: 14.4px;\">Modifica a tens\u00e3o superficial da \u00e1gua no solo aumentando a permeabilidade da membrana semiperme\u00e1vel \u2013 sistema radicular \u2013 Componente osm\u00f3tico \u03a8os; N\u00e3o concorre na disputa de \u00e1gua com a raiz;<br \/><\/span><span style=\"color: #000000;\">Minimiza perdas por evapora\u00e7\u00e3o: substitui\u00e7\u00e3o da mol\u00e9cula de ar por BIOPOL\u00a0 nos microporos, press\u00e3o de vapor;<br \/><\/span><span style=\"color: #000000;\">Alto poder de reten\u00e7\u00e3o, minimiza perdas por drenagem e infiltra\u00e7\u00e3o, \u00e1gua indispon\u00edvel normalmente;<br \/><\/span><span style=\"color: #000000;\">Aumento da adsor\u00e7\u00e3o e capilaridade atrav\u00e9s de ganhos de tens\u00e3o superficial;<br \/><\/span><span style=\"color: #000000;\">Complexa\u00e7\u00e3o, encapsulamento e libera\u00e7\u00e3o gradativa dos elementos \u00b2;<br \/><\/span><span style=\"color: #000000;\">Maior capacidade de troca cati\u00f4nica, a\u00e7\u00e3o catal\u00edtica, movimenta\u00e7\u00e3o constante dos nutrientes;<br \/><\/span><span style=\"color: #000000;\">Meio favor\u00e1vel (gel) para desenvolvimento de microorganismos funcionais como: as bact\u00e9rias diazotr\u00f3ficas \u2013 <em>Gluconacetobacter diazotrophicus, Herbaspirillium seropedicae<\/em>, otimizando a fixa\u00e7\u00e3o biol\u00f3gica de N (FBN) e aumentando a produ\u00e7\u00e3o de \u00c1cido Indolbut\u00edrico (AIB);<br \/><\/span><span style=\"color: #000000;\">Reten\u00e7\u00e3o de aprox. 2000 vezes o volume de \u00e1gua por unidade (BIOPOL*)<\/span><\/p>\n<\/li>\n<\/ul>\n<div class=\"row align-middle\"  id=\"row-168554032\">\n\n\t<div class=\"col medium-6 small-12 large-6\"  >\n\t\t<div class=\"col-inner text-center\"  >\n\t\t\t\n\t\t\t\n\t<div class=\"img has-hover x md-x lg-x y md-y lg-y\" id=\"image_239452085\">\n\t\t\t\t\t\t\t\t<div class=\"img-inner dark\" >\n\t\t\t<img width=\"369\" height=\"293\" src=\"https:\/\/bioalfa.com.br\/site\/wp-content\/uploads\/2021\/10\/iiii.jpg\" class=\"attachment-large size-large\" alt=\"\" loading=\"lazy\" srcset=\"https:\/\/bioalfa.com.br\/site\/wp-content\/uploads\/2021\/10\/iiii.jpg 369w, https:\/\/bioalfa.com.br\/site\/wp-content\/uploads\/2021\/10\/iiii-300x238.jpg 300w\" sizes=\"(max-width: 369px) 100vw, 369px\" \/>\t\t\t\t\t\t\n\t\t\t\t\t<\/div>\n\t\t\t\t\t\t\t\t\n<style scope=\"scope\">\n\n#image_239452085 {\n  width: 60%;\n}\n<\/style>\n\t<\/div>\n\t\n\t\t<\/div>\n\t<\/div>\n\n\t\n\n\t<div class=\"col medium-6 small-12 large-6\"  >\n\t\t<div class=\"col-inner text-center\"  >\n\t\t\t\n\t\t\t\n\t<div class=\"img has-hover x md-x lg-x y md-y lg-y\" id=\"image_2132542681\">\n\t\t\t\t\t\t\t\t<div class=\"img-inner dark\" >\n\t\t\t<img width=\"423\" height=\"193\" src=\"https:\/\/bioalfa.com.br\/site\/wp-content\/uploads\/2021\/10\/Imagem3.jpg\" class=\"attachment-large size-large\" alt=\"\" loading=\"lazy\" srcset=\"https:\/\/bioalfa.com.br\/site\/wp-content\/uploads\/2021\/10\/Imagem3.jpg 423w, https:\/\/bioalfa.com.br\/site\/wp-content\/uploads\/2021\/10\/Imagem3-300x137.jpg 300w\" sizes=\"(max-width: 423px) 100vw, 423px\" \/>\t\t\t\t\t\t\n\t\t\t\t\t<\/div>\n\t\t\t\t\t\t\t\t\n<style scope=\"scope\">\n\n#image_2132542681 {\n  width: 60%;\n}\n<\/style>\n\t<\/div>\n\t\n\t\t<\/div>\n\t<\/div>\n\n\t\n\n<style scope=\"scope\">\n\n<\/style>\n<\/div>\n\t\t<\/div>\n\t<\/div>\n\n\t\n\n<style scope=\"scope\">\n\n<\/style>\n<\/div>\n\t\t<\/div>\n\n\t\t\n<style scope=\"scope\">\n\n#section_1235407120 {\n  padding-top: 30px;\n  padding-bottom: 30px;\n}\n<\/style>\n\t<\/section>\n\t\n","protected":false},"excerpt":{"rendered":"","protected":false},"author":1,"featured_media":0,"parent":0,"menu_order":0,"comment_status":"closed","ping_status":"closed","template":"page-blank.php","meta":[],"_links":{"self":[{"href":"https:\/\/bioalfa.com.br\/site\/wp-json\/wp\/v2\/pages\/87"}],"collection":[{"href":"https:\/\/bioalfa.com.br\/site\/wp-json\/wp\/v2\/pages"}],"about":[{"href":"https:\/\/bioalfa.com.br\/site\/wp-json\/wp\/v2\/types\/page"}],"author":[{"embeddable":true,"href":"https:\/\/bioalfa.com.br\/site\/wp-json\/wp\/v2\/users\/1"}],"replies":[{"embeddable":true,"href":"https:\/\/bioalfa.com.br\/site\/wp-json\/wp\/v2\/comments?post=87"}],"version-history":[{"count":16,"href":"https:\/\/bioalfa.com.br\/site\/wp-json\/wp\/v2\/pages\/87\/revisions"}],"predecessor-version":[{"id":407,"href":"https:\/\/bioalfa.com.br\/site\/wp-json\/wp\/v2\/pages\/87\/revisions\/407"}],"wp:attachment":[{"href":"https:\/\/bioalfa.com.br\/site\/wp-json\/wp\/v2\/media?parent=87"}],"curies":[{"name":"wp","href":"https:\/\/api.w.org\/{rel}","templated":true}]}}