{"id":320,"date":"2021-06-24T11:38:44","date_gmt":"2021-06-24T14:38:44","guid":{"rendered":"https:\/\/bioalfa.com.br\/site\/?page_id=320"},"modified":"2021-11-18T11:09:52","modified_gmt":"2021-11-18T14:09:52","slug":"culturas","status":"publish","type":"page","link":"https:\/\/bioalfa.com.br\/site\/culturas\/","title":{"rendered":"Culturas"},"content":{"rendered":"\t<section class=\"section\" id=\"section_540440401\">\n\t\t<div class=\"bg section-bg fill bg-fill  bg-loaded\" >\n\n\t\t\t\n\t\t\t\n\t\t\t\n\n\t\t<\/div>\n\n\t\t<div class=\"section-content relative\">\n\t\t\t\n<h1 class=\"uppercase\" style=\"text-align: center;\"><span style=\"font-size: 130%; color: #90cd49;\">Culturas<\/span><\/h1>\n<div class=\"row\"  id=\"row-1631412511\">\n\n\t<div class=\"col small-12 large-12\"  >\n\t\t<div class=\"col-inner\"  >\n\t\t\t\n\t\t\t\n<p style=\"text-align: center;\"><span style=\"color: #000000; font-size: 120%;\">Veja nossos livros de aplica\u00e7\u00f5es de cada tipo de semente para a melhor colheita.<\/span><\/p>\n\t\t<\/div>\n\t<\/div>\n\n\t\n<\/div>\n<div class=\"row align-middle align-center\"  id=\"row-601934829\">\n\n\t<div class=\"col medium-4 small-12 large-4\"  data-animate=\"bounceIn\">\n\t\t<div class=\"col-inner text-center\"  >\n\t\t\t\n\t\t\t\n\t<div class=\"img has-hover x md-x lg-x y md-y lg-y\" id=\"image_1095477122\">\n\t\t<a class=\"\" href=\"https:\/\/bioalfa.com.br\/site\/wp-content\/uploads\/2021\/10\/CANA.pdf\"  >\t\t\t\t\t\t<div class=\"img-inner image-zoom dark\" >\n\t\t\t<img width=\"3508\" height=\"2480\" src=\"https:\/\/bioalfa.com.br\/site\/wp-content\/uploads\/2021\/10\/1.png\" class=\"attachment-original size-original\" alt=\"\" loading=\"lazy\" srcset=\"https:\/\/bioalfa.com.br\/site\/wp-content\/uploads\/2021\/10\/1.png 3508w, https:\/\/bioalfa.com.br\/site\/wp-content\/uploads\/2021\/10\/1-300x212.png 300w, https:\/\/bioalfa.com.br\/site\/wp-content\/uploads\/2021\/10\/1-1024x724.png 1024w, https:\/\/bioalfa.com.br\/site\/wp-content\/uploads\/2021\/10\/1-768x543.png 768w, https:\/\/bioalfa.com.br\/site\/wp-content\/uploads\/2021\/10\/1-1536x1086.png 1536w, https:\/\/bioalfa.com.br\/site\/wp-content\/uploads\/2021\/10\/1-2048x1448.png 2048w\" sizes=\"(max-width: 3508px) 100vw, 3508px\" \/>\t\t\t\t\t\t\n\t\t\t\t\t<\/div>\n\t\t\t\t\t\t<\/a>\t\t\n<style scope=\"scope\">\n\n#image_1095477122 {\n  width: 100%;\n}\n<\/style>\n\t<\/div>\n\t\n<h1 style=\"text-align: center;\"><a href=\"https:\/\/bioalfa.com.br\/site\/wp-content\/uploads\/2021\/10\/CANA.pdf\"><span style=\"color: #000000;\"><strong>RECOMENDA\u00c7\u00d5ES CANA<\/strong><\/span><\/a><\/h1>\n\t\t<\/div>\n\t<\/div>\n\n\t\n\n\t<div class=\"col medium-4 small-12 large-4\"  data-animate=\"bounceIn\">\n\t\t<div class=\"col-inner text-center\"  >\n\t\t\t\n\t\t\t\n\t<div class=\"img has-hover x md-x lg-x y md-y lg-y\" id=\"image_2007675554\">\n\t\t<a class=\"\" href=\"https:\/\/bioalfa.com.br\/site\/wp-content\/uploads\/2021\/10\/feijao-2.pdf\"  >\t\t\t\t\t\t<div class=\"img-inner image-zoom dark\" >\n\t\t\t<img width=\"3508\" height=\"2480\" src=\"https:\/\/bioalfa.com.br\/site\/wp-content\/uploads\/2021\/10\/2.png\" class=\"attachment-original size-original\" alt=\"\" loading=\"lazy\" srcset=\"https:\/\/bioalfa.com.br\/site\/wp-content\/uploads\/2021\/10\/2.png 3508w, https:\/\/bioalfa.com.br\/site\/wp-content\/uploads\/2021\/10\/2-300x212.png 300w, https:\/\/bioalfa.com.br\/site\/wp-content\/uploads\/2021\/10\/2-1024x724.png 1024w, https:\/\/bioalfa.com.br\/site\/wp-content\/uploads\/2021\/10\/2-768x543.png 768w, https:\/\/bioalfa.com.br\/site\/wp-content\/uploads\/2021\/10\/2-1536x1086.png 1536w, https:\/\/bioalfa.com.br\/site\/wp-content\/uploads\/2021\/10\/2-2048x1448.png 2048w\" sizes=\"(max-width: 3508px) 100vw, 3508px\" \/>\t\t\t\t\t\t\n\t\t\t\t\t<\/div>\n\t\t\t\t\t\t<\/a>\t\t\n<style scope=\"scope\">\n\n#image_2007675554 {\n  width: 100%;\n}\n<\/style>\n\t<\/div>\n\t\n<h1 style=\"text-align: center;\"><a href=\"https:\/\/bioalfa.com.br\/site\/wp-content\/uploads\/2021\/10\/feijao-2.pdf\"><span style=\"color: #000000;\"><strong>RECOMENDA\u00c7\u00d5ES FEIJ\u00c3O<\/strong><\/span><\/a><\/h1>\n\t\t<\/div>\n\t<\/div>\n\n\t\n\n\t<div class=\"col medium-4 small-12 large-4\"  data-animate=\"bounceIn\">\n\t\t<div class=\"col-inner text-center\"  >\n\t\t\t\n\t\t\t\n\t<div class=\"img has-hover x md-x lg-x y md-y lg-y\" id=\"image_1683676442\">\n\t\t<a class=\"\" href=\"https:\/\/bioalfa.com.br\/site\/wp-content\/uploads\/2021\/10\/MILHO-1.pdf\"  >\t\t\t\t\t\t<div class=\"img-inner image-zoom dark\" >\n\t\t\t<img width=\"3508\" height=\"2480\" src=\"https:\/\/bioalfa.com.br\/site\/wp-content\/uploads\/2021\/10\/3.png\" class=\"attachment-original size-original\" alt=\"\" loading=\"lazy\" srcset=\"https:\/\/bioalfa.com.br\/site\/wp-content\/uploads\/2021\/10\/3.png 3508w, https:\/\/bioalfa.com.br\/site\/wp-content\/uploads\/2021\/10\/3-300x212.png 300w, https:\/\/bioalfa.com.br\/site\/wp-content\/uploads\/2021\/10\/3-1024x724.png 1024w, https:\/\/bioalfa.com.br\/site\/wp-content\/uploads\/2021\/10\/3-768x543.png 768w, https:\/\/bioalfa.com.br\/site\/wp-content\/uploads\/2021\/10\/3-1536x1086.png 1536w, https:\/\/bioalfa.com.br\/site\/wp-content\/uploads\/2021\/10\/3-2048x1448.png 2048w\" sizes=\"(max-width: 3508px) 100vw, 3508px\" \/>\t\t\t\t\t\t\n\t\t\t\t\t<\/div>\n\t\t\t\t\t\t<\/a>\t\t\n<style scope=\"scope\">\n\n#image_1683676442 {\n  width: 100%;\n}\n<\/style>\n\t<\/div>\n\t\n<h1 style=\"text-align: center;\"><a href=\"https:\/\/bioalfa.com.br\/site\/wp-content\/uploads\/2021\/10\/MILHO-1.pdf\"><span style=\"color: #000000;\"><strong>RECOMENDA\u00c7\u00d5ES MILHO<\/strong><\/span><\/a><\/h1>\n\t\t<\/div>\n\t<\/div>\n\n\t\n\n\t<div class=\"col medium-4 small-12 large-4\"  data-animate=\"bounceIn\">\n\t\t<div class=\"col-inner text-center\"  >\n\t\t\t\n\t\t\t\n\t<div class=\"img has-hover x md-x lg-x y md-y lg-y\" id=\"image_979289231\">\n\t\t<a class=\"\" href=\"https:\/\/bioalfa.com.br\/site\/wp-content\/uploads\/2021\/10\/RECOMENDACOES-CAFE-1.pdf\"  >\t\t\t\t\t\t<div class=\"img-inner image-zoom dark\" >\n\t\t\t<img width=\"3508\" height=\"2480\" src=\"https:\/\/bioalfa.com.br\/site\/wp-content\/uploads\/2021\/10\/4.png\" class=\"attachment-original size-original\" alt=\"\" loading=\"lazy\" srcset=\"https:\/\/bioalfa.com.br\/site\/wp-content\/uploads\/2021\/10\/4.png 3508w, https:\/\/bioalfa.com.br\/site\/wp-content\/uploads\/2021\/10\/4-300x212.png 300w, https:\/\/bioalfa.com.br\/site\/wp-content\/uploads\/2021\/10\/4-1024x724.png 1024w, https:\/\/bioalfa.com.br\/site\/wp-content\/uploads\/2021\/10\/4-768x543.png 768w, https:\/\/bioalfa.com.br\/site\/wp-content\/uploads\/2021\/10\/4-1536x1086.png 1536w, https:\/\/bioalfa.com.br\/site\/wp-content\/uploads\/2021\/10\/4-2048x1448.png 2048w\" sizes=\"(max-width: 3508px) 100vw, 3508px\" \/>\t\t\t\t\t\t\n\t\t\t\t\t<\/div>\n\t\t\t\t\t\t<\/a>\t\t\n<style scope=\"scope\">\n\n#image_979289231 {\n  width: 100%;\n}\n<\/style>\n\t<\/div>\n\t\n<h1 style=\"text-align: center;\"><a href=\"https:\/\/bioalfa.com.br\/site\/wp-content\/uploads\/2021\/10\/RECOMENDACOES-CAFE-1.pdf\"><span style=\"color: #000000;\"><strong>RECOMENDA\u00c7\u00d5ES CAF\u00c9<\/strong><\/span><\/a><\/h1>\n\t\t<\/div>\n\t<\/div>\n\n\t\n\n\t<div class=\"col medium-4 small-12 large-4\"  data-animate=\"bounceIn\">\n\t\t<div class=\"col-inner text-center\"  >\n\t\t\t\n\t\t\t\n\t<div class=\"img has-hover x md-x lg-x y md-y lg-y\" id=\"image_868844670\">\n\t\t<a class=\"\" href=\"https:\/\/bioalfa.com.br\/site\/wp-content\/uploads\/2021\/10\/SOJA-1.pdf\"  >\t\t\t\t\t\t<div class=\"img-inner image-zoom dark\" >\n\t\t\t<img width=\"3508\" height=\"2480\" src=\"https:\/\/bioalfa.com.br\/site\/wp-content\/uploads\/2021\/10\/5.png\" class=\"attachment-original size-original\" alt=\"\" loading=\"lazy\" srcset=\"https:\/\/bioalfa.com.br\/site\/wp-content\/uploads\/2021\/10\/5.png 3508w, https:\/\/bioalfa.com.br\/site\/wp-content\/uploads\/2021\/10\/5-300x212.png 300w, https:\/\/bioalfa.com.br\/site\/wp-content\/uploads\/2021\/10\/5-1024x724.png 1024w, https:\/\/bioalfa.com.br\/site\/wp-content\/uploads\/2021\/10\/5-768x543.png 768w, https:\/\/bioalfa.com.br\/site\/wp-content\/uploads\/2021\/10\/5-1536x1086.png 1536w, https:\/\/bioalfa.com.br\/site\/wp-content\/uploads\/2021\/10\/5-2048x1448.png 2048w\" sizes=\"(max-width: 3508px) 100vw, 3508px\" \/>\t\t\t\t\t\t\n\t\t\t\t\t<\/div>\n\t\t\t\t\t\t<\/a>\t\t\n<style scope=\"scope\">\n\n#image_868844670 {\n  width: 100%;\n}\n<\/style>\n\t<\/div>\n\t\n<h1 style=\"text-align: center;\"><a href=\"https:\/\/bioalfa.com.br\/site\/wp-content\/uploads\/2021\/10\/SOJA-1.pdf\"><span style=\"color: #000000;\"><strong>RECOMENDA\u00c7\u00d5ES SOJA<\/strong><\/span><\/a><\/h1>\n\t\t<\/div>\n\t<\/div>\n\n\t\n\n<style scope=\"scope\">\n\n<\/style>\n<\/div>\n\t\t<\/div>\n\n\t\t\n<style scope=\"scope\">\n\n#section_540440401 {\n  padding-top: 30px;\n  padding-bottom: 30px;\n}\n<\/style>\n\t<\/section>\n\t\n","protected":false},"excerpt":{"rendered":"","protected":false},"author":1,"featured_media":0,"parent":0,"menu_order":0,"comment_status":"closed","ping_status":"closed","template":"page-blank.php","meta":[],"_links":{"self":[{"href":"https:\/\/bioalfa.com.br\/site\/wp-json\/wp\/v2\/pages\/320"}],"collection":[{"href":"https:\/\/bioalfa.com.br\/site\/wp-json\/wp\/v2\/pages"}],"about":[{"href":"https:\/\/bioalfa.com.br\/site\/wp-json\/wp\/v2\/types\/page"}],"author":[{"embeddable":true,"href":"https:\/\/bioalfa.com.br\/site\/wp-json\/wp\/v2\/users\/1"}],"replies":[{"embeddable":true,"href":"https:\/\/bioalfa.com.br\/site\/wp-json\/wp\/v2\/comments?post=320"}],"version-history":[{"count":8,"href":"https:\/\/bioalfa.com.br\/site\/wp-json\/wp\/v2\/pages\/320\/revisions"}],"predecessor-version":[{"id":414,"href":"https:\/\/bioalfa.com.br\/site\/wp-json\/wp\/v2\/pages\/320\/revisions\/414"}],"wp:attachment":[{"href":"https:\/\/bioalfa.com.br\/site\/wp-json\/wp\/v2\/media?parent=320"}],"curies":[{"name":"wp","href":"https:\/\/api.w.org\/{rel}","templated":true}]}}