{"id":142,"date":"2021-03-24T11:37:46","date_gmt":"2021-03-24T14:37:46","guid":{"rendered":"https:\/\/bioalfa.com.br\/site\/?page_id=142"},"modified":"2021-11-18T16:20:59","modified_gmt":"2021-11-18T19:20:59","slug":"raitech","status":"publish","type":"page","link":"https:\/\/bioalfa.com.br\/site\/raitech\/","title":{"rendered":"RaiTech"},"content":{"rendered":"\t<section class=\"section\" id=\"section_1279484678\">\n\t\t<div class=\"bg section-bg fill bg-fill  bg-loaded\" >\n\n\t\t\t\n\t\t\t\n\t\t\t\n\n\t\t<\/div>\n\n\t\t<div class=\"section-content relative\">\n\t\t\t\n<div class=\"row align-bottom align-center\"  id=\"row-819142017\">\n\n\t<div class=\"col medium-9 small-12 large-9\"  data-animate=\"fadeInUp\">\n\t\t<div class=\"col-inner text-center\"  >\n\t\t\t\n\t\t\t\n\t<div class=\"img has-hover x md-x lg-x y md-y lg-y\" id=\"image_187298951\">\n\t\t\t\t\t\t\t\t<div class=\"img-inner dark\" >\n\t\t\t<img width=\"1280\" height=\"914\" src=\"https:\/\/bioalfa.com.br\/site\/wp-content\/uploads\/2021\/11\/A2.jpeg\" class=\"attachment-original size-original\" alt=\"\" loading=\"lazy\" srcset=\"https:\/\/bioalfa.com.br\/site\/wp-content\/uploads\/2021\/11\/A2.jpeg 1280w, https:\/\/bioalfa.com.br\/site\/wp-content\/uploads\/2021\/11\/A2-300x214.jpeg 300w, https:\/\/bioalfa.com.br\/site\/wp-content\/uploads\/2021\/11\/A2-1024x731.jpeg 1024w, https:\/\/bioalfa.com.br\/site\/wp-content\/uploads\/2021\/11\/A2-768x548.jpeg 768w\" sizes=\"(max-width: 1280px) 100vw, 1280px\" \/>\t\t\t\t\t\t\n\t\t\t\t\t<\/div>\n\t\t\t\t\t\t\t\t\n<style scope=\"scope\">\n\n#image_187298951 {\n  width: 100%;\n}\n<\/style>\n\t<\/div>\n\t\n\t\t<\/div>\n\t<\/div>\n\n\t\n\n\t<div class=\"col medium-3 small-12 large-3\"  data-animate=\"fadeInUp\">\n\t\t<div class=\"col-inner text-center\"  >\n\t\t\t\n\t\t\t\n\t<div class=\"img has-hover x md-x lg-x y md-y lg-y\" id=\"image_560586166\">\n\t\t\t\t\t\t\t\t<div class=\"img-inner dark\" >\n\t\t\t<img width=\"1280\" height=\"1063\" src=\"https:\/\/bioalfa.com.br\/site\/wp-content\/uploads\/2021\/04\/sdf-1.png\" class=\"attachment-original size-original\" alt=\"\" loading=\"lazy\" srcset=\"https:\/\/bioalfa.com.br\/site\/wp-content\/uploads\/2021\/04\/sdf-1.png 1280w, https:\/\/bioalfa.com.br\/site\/wp-content\/uploads\/2021\/04\/sdf-1-300x249.png 300w, https:\/\/bioalfa.com.br\/site\/wp-content\/uploads\/2021\/04\/sdf-1-1024x850.png 1024w, https:\/\/bioalfa.com.br\/site\/wp-content\/uploads\/2021\/04\/sdf-1-768x638.png 768w\" sizes=\"(max-width: 1280px) 100vw, 1280px\" \/>\t\t\t\t\t\t\n\t\t\t\t\t<\/div>\n\t\t\t\t\t\t\t\t\n<style scope=\"scope\">\n\n#image_560586166 {\n  width: 100%;\n}\n<\/style>\n\t<\/div>\n\t\n\t\t<\/div>\n\t<\/div>\n\n\t\n\n\t<div class=\"col medium-10 small-12 large-10\"  data-animate=\"fadeInUp\">\n\t\t<div class=\"col-inner text-center\"  >\n\t\t\t\n\t\t\t\n\t<div class=\"img has-hover x md-x lg-x y md-y lg-y\" id=\"image_1055400294\">\n\t\t\t\t\t\t\t\t<div class=\"img-inner dark\" >\n\t\t\t<img width=\"668\" height=\"585\" src=\"https:\/\/bioalfa.com.br\/site\/wp-content\/uploads\/2021\/10\/Imagem1-iuy.jpg\" class=\"attachment-original size-original\" alt=\"\" loading=\"lazy\" srcset=\"https:\/\/bioalfa.com.br\/site\/wp-content\/uploads\/2021\/10\/Imagem1-iuy.jpg 668w, https:\/\/bioalfa.com.br\/site\/wp-content\/uploads\/2021\/10\/Imagem1-iuy-300x263.jpg 300w\" sizes=\"(max-width: 668px) 100vw, 668px\" \/>\t\t\t\t\t\t\n\t\t\t\t\t<\/div>\n\t\t\t\t\t\t\t\t\n<style scope=\"scope\">\n\n#image_1055400294 {\n  width: 76%;\n}\n<\/style>\n\t<\/div>\n\t\n\t\t<\/div>\n\t<\/div>\n\n\t\n\n\t<div class=\"col small-12 large-12\"  data-animate=\"bounceInRight\">\n\t\t<div class=\"col-inner\"  >\n\t\t\t\n\t\t\t\n<h1 style=\"text-align: center;\"><span style=\"color: #90cd49; font-size: 150%;\">RayTech<\/span><\/h1>\n<p><span style=\"color: #000000;\"><strong>RAITECH**<\/strong> &#8211; \u00e9 um fertilizante fluido de alta performance, classe A, enraizador, composto por carbono org\u00e2nico, nitrog\u00eanio, pot\u00e1ssio, molibd\u00eanio, \u00e1cidos h\u00famicos, vitaminas, tensoativos e horm\u00f4nios vegetais.<\/span><br \/><span style=\"color: #000000;\">Produto de \u00faltima gera\u00e7\u00e3o composto por nutrientes minerais e org\u00e2nicos complexados, combinados com biorreguladores proporcionando um sistema radicular mais vigoroso, equil\u00edbrio hormonal e absor\u00e7\u00e3o ativada.<\/span><br \/><span style=\"color: #000000;\">Maior express\u00e3o do potencial gen\u00e9tico e prote\u00e7\u00e3o diante do estresse h\u00eddrico. Canavial mais dur\u00e1vel, resistente e produtivo.<\/span><\/p>\n<p><span style=\"color: #000000;\">Vantagens:<\/span><\/p>\n<p>\u00a0<\/p>\n<ol>\n<li><span style=\"color: #000000;\">Equil\u00edbrio hormonal proporcionando mais crescimento;<\/span><\/li>\n<li><span style=\"color: #000000;\">Facilidade na aplica\u00e7\u00e3o, compat\u00edvel com diversos inseticidas e fungicidas;<\/span><\/li>\n<li><span style=\"color: #000000;\">Tecnologia anti stress;<\/span><\/li>\n<li><span style=\"color: #000000;\">Maior fixa\u00e7\u00e3o de flores e frutos;<\/span><\/li>\n<li><span style=\"color: #000000;\">Sinergismo com os micronutrientes, potencializando seus efeitos;<\/span><\/li>\n<li><span style=\"color: #000000;\">Desenvolvimento do sistema radicular;<\/span><\/li>\n<li><span style=\"color: #000000;\">Aumento da taxa de recupera\u00e7\u00e3o dos fertilizantes minerais;<\/span><\/li>\n<li><span style=\"color: #000000;\">Redu\u00e7\u00e3o na volatiza\u00e7\u00e3o do Nitrog\u00eanio;<\/span><\/li>\n<li><span style=\"color: #000000;\">Aumento na reten\u00e7\u00e3o do Pot\u00e1ssio;<\/span><\/li>\n<li><span style=\"color: #000000;\">Promove o equil\u00edbrio f\u00edsico-qu\u00edmico-biol\u00f3gico dos solos.<\/span><\/li>\n<\/ol>\n<p><span style=\"color: #000000;\">CURIOSIDADES:<\/span><\/p>\n<p><span style=\"color: #000000;\">\u00a0<strong>BIORREGULADORES VEGETAIS: <\/strong>Atuam somente de forma sin\u00e9rgica<\/span><\/p>\n<p>\u00a0<\/p>\n<ol>\n<li><span style=\"color: #000000;\">Auxinas ( 20mg) \u00c1cido indol-but\u00edrico: Fitohorm\u00f4nio que conduz o alongamento celular, crescimento vegetal e enraizamento;<\/span><\/li>\n<li><span style=\"color: #000000;\">Giberelinas ( 20mg) \u00c1cido giber\u00e9lico: s\u00e3o horm\u00f4nios vegetais que regulam o crescimento e influenciam v\u00e1rios processos de desenvolvimento , incluindo alongamento caule, germina\u00e7\u00e3o, dorm\u00eancia, flora\u00e7\u00e3o, indu\u00e7\u00e3o enzim\u00e1tica, folhas, frutos e senesc\u00eancia celular.<\/span><\/li>\n<li><span style=\"color: #000000;\">Citocininas ( 50mg) Cinetina + Zeatina: s\u00e3o horm\u00f4nios vegetais que atuam promovendo a divis\u00e3o celular, atrasando a senesc\u00eancia foliar e quebrando a domin\u00e2ncia apical. Retardando o envelhecimento das folhas, mais vigor.<\/span><\/li>\n<\/ol>\n<p><span style=\"color: #000000;\"><strong>RESULTADOS\u00a0 <\/strong><\/span><\/p>\n<p><span style=\"color: #000000;\"><strong>Ainda vamos selecionar<\/strong><\/span><\/p>\n<p><span style=\"color: #000000;\"><strong>\u201d<\/strong> <em>Houve diferen\u00e7as significativas positivas nos tratamentos que receberam os produtos Reset e Delta, onde ao final de 150 dias todos se mostraram diferentes ao tratamento controle, mostrando caracter\u00edsticas agron\u00f4micas positivas dos tratamentos propostos<\/em> com <em>incremento em tamanho de plantas e desenvolvimento e tamb\u00e9m melhor controle fitossanit\u00e1rio<\/em>.<em>\u201d \u00a0<\/em><\/span><\/p>\n<p><span style=\"color: #000000;\">FONTE: Trabalho apresentado no 44\u00ba Congresso Brasileiro de Pesquisas Cafeeiras. Cole\u00e7\u00e3o: <a style=\"color: #000000;\" href=\"http:\/\/www.sbicafe.ufv.br\/handle\/123456789\/11409\">CBPC (44.:2018: Fran\u00e7a, SP) &#8211; Anais<\/a>\u00a0[421] \u00a0<a style=\"color: #000000;\" href=\"http:\/\/www.sbicafe.ufv.br\/browse?value=Sandy,%20E.%20C&amp;type=author\">Sandy, E. C<\/a>\u00a0;\u00a0<a style=\"color: #000000;\" href=\"http:\/\/www.sbicafe.ufv.br\/browse?value=Sandy,%20G.%20C&amp;type=author\">Sandy, G. C<\/a>\u00a0;\u00a0<a style=\"color: #000000;\" href=\"http:\/\/www.sbicafe.ufv.br\/browse?value=Piza,%20M.&amp;type=author\">Piza, M.<\/a><\/span><\/p>\n<h1 style=\"text-align: center;\"><span style=\"color: #50b848;\"><strong>DESAFIO!<\/strong><\/span><\/h1>\n<p style=\"text-align: center;\"><span style=\"color: #000000;\">TESTE OS PRODUTOS BIOALFA\u00ae EM ALGUNS HECTARES E COMPROVE NOSSA DIFEREN\u00c7A COM OS DEMAIS.<\/span><\/p>\n<p style=\"text-align: center;\"><span style=\"color: #000000;\">Oferecemos um <strong>custo experimental<\/strong> para a realiza\u00e7\u00e3o dos ensaios.<\/span><\/p>\n<p style=\"text-align: center;\"><span style=\"color: #000000;\"><strong>O que \u00e9 custo experimental?<\/strong><\/span><\/p>\n<p style=\"text-align: center;\"><span style=\"color: #000000;\"><strong>\u00c9 um valor do produto subsidiado pela BIOALFA<\/strong>\u00ae atrav\u00e9s do Programa de incentivos a pesquisa, desenvolvimento de inova\u00e7\u00e3o (PD&amp;I)<\/span><\/p>\n<p style=\"text-align: center;\"><span style=\"color: #000000;\">Os ensaios ser\u00e3o previamente agendados e planejados de forma mais conveniente para voc\u00ea! Preferencialmente acompanhado e orientado por algum consultor da sua regi\u00e3o<\/span><\/p>\n<p style=\"text-align: center;\"><span style=\"color: #000000;\"><strong>BIOALFA<\/strong>\u00ae ajuda voc\u00ea ir al\u00e9m!<\/span><\/p>\n\t\t<\/div>\n\t<\/div>\n\n\t\n\n<style scope=\"scope\">\n\n<\/style>\n<\/div>\n\t\t<\/div>\n\n\t\t\n<style scope=\"scope\">\n\n#section_1279484678 {\n  padding-top: 30px;\n  padding-bottom: 30px;\n}\n<\/style>\n\t<\/section>\n\t\n\t<section class=\"section\" id=\"section_922681073\">\n\t\t<div class=\"bg section-bg fill bg-fill  bg-loaded\" >\n\n\t\t\t\n\t\t\t\n\t\t\t\n\n\t\t<\/div>\n\n\t\t<div class=\"section-content relative\">\n\t\t\t\n<h1 class=\"uppercase\" style=\"text-align: center;\"><span style=\"color: #90cd49; font-size: 130%;\">Outros Produtos<\/span><\/h1>\n\t<div id=\"gap-968617104\" class=\"gap-element clearfix\" style=\"display:block; height:auto;\">\n\t\t\n<style scope=\"scope\">\n\n#gap-968617104 {\n  padding-top: 70px;\n}\n<\/style>\n\t<\/div>\n\t\n<div class=\"slider-wrapper relative\" id=\"slider-1571458388\" >\n    <div class=\"slider slider-nav-circle slider-nav-large slider-nav-dark slider-style-focus slider-show-nav\"\n        data-flickity-options='{\n            \"cellAlign\": \"center\",\n            \"imagesLoaded\": true,\n            \"lazyLoad\": 1,\n            \"freeScroll\": true,\n            \"wrapAround\": true,\n            \"autoPlay\": 5000,\n            \"pauseAutoPlayOnHover\" : false,\n            \"prevNextButtons\": true,\n            \"contain\" : true,\n            \"adaptiveHeight\" : true,\n            \"dragThreshold\" : 10,\n            \"percentPosition\": true,\n            \"pageDots\": false,\n            \"rightToLeft\": false,\n            \"draggable\": true,\n            \"selectedAttraction\": 0.1,\n            \"parallax\" : 0,\n            \"friction\": 0.6        }'\n        >\n        \n<div class=\"row\"  id=\"row-481303325\">\n\n\t<div class=\"col small-12 large-12\"  >\n\t\t<div class=\"col-inner text-center\"  >\n\t\t\t\n\t\t\t\n\t<div class=\"img has-hover x md-x lg-x y md-y lg-y\" id=\"image_612769083\">\n\t\t<a class=\"\" href=\"https:\/\/bioalfa.com.br\/site\/bioest-plus\/\"  >\t\t\t\t\t\t<div class=\"img-inner dark\" >\n\t\t\t<img width=\"2480\" height=\"1772\" src=\"https:\/\/bioalfa.com.br\/site\/wp-content\/uploads\/2021\/04\/Conj_Bioest.jpg\" class=\"attachment-original size-original\" alt=\"\" loading=\"lazy\" srcset=\"https:\/\/bioalfa.com.br\/site\/wp-content\/uploads\/2021\/04\/Conj_Bioest.jpg 2480w, https:\/\/bioalfa.com.br\/site\/wp-content\/uploads\/2021\/04\/Conj_Bioest-300x214.jpg 300w, https:\/\/bioalfa.com.br\/site\/wp-content\/uploads\/2021\/04\/Conj_Bioest-1024x732.jpg 1024w, https:\/\/bioalfa.com.br\/site\/wp-content\/uploads\/2021\/04\/Conj_Bioest-768x549.jpg 768w, https:\/\/bioalfa.com.br\/site\/wp-content\/uploads\/2021\/04\/Conj_Bioest-1536x1097.jpg 1536w, https:\/\/bioalfa.com.br\/site\/wp-content\/uploads\/2021\/04\/Conj_Bioest-2048x1463.jpg 2048w\" sizes=\"(max-width: 2480px) 100vw, 2480px\" \/>\t\t\t\t\t\t\n\t\t\t\t\t<\/div>\n\t\t\t\t\t\t<\/a>\t\t\n<style scope=\"scope\">\n\n#image_612769083 {\n  width: 100%;\n}\n<\/style>\n\t<\/div>\n\t\n\t\t<\/div>\n\t<\/div>\n\n\t\n<\/div>\n<div class=\"row\"  id=\"row-1946855308\">\n\n\t<div class=\"col small-12 large-12\"  >\n\t\t<div class=\"col-inner text-center\"  >\n\t\t\t\n\t\t\t\n\t<div class=\"img has-hover x md-x lg-x y md-y lg-y\" id=\"image_708107018\">\n\t\t<a class=\"\" href=\"https:\/\/bioalfa.com.br\/site\/delta\/\"  >\t\t\t\t\t\t<div class=\"img-inner dark\" >\n\t\t\t<img width=\"2480\" height=\"1772\" src=\"https:\/\/bioalfa.com.br\/site\/wp-content\/uploads\/2021\/04\/Conj_Delta.jpg\" class=\"attachment-original size-original\" alt=\"\" loading=\"lazy\" srcset=\"https:\/\/bioalfa.com.br\/site\/wp-content\/uploads\/2021\/04\/Conj_Delta.jpg 2480w, https:\/\/bioalfa.com.br\/site\/wp-content\/uploads\/2021\/04\/Conj_Delta-300x214.jpg 300w, https:\/\/bioalfa.com.br\/site\/wp-content\/uploads\/2021\/04\/Conj_Delta-1024x732.jpg 1024w, https:\/\/bioalfa.com.br\/site\/wp-content\/uploads\/2021\/04\/Conj_Delta-768x549.jpg 768w, https:\/\/bioalfa.com.br\/site\/wp-content\/uploads\/2021\/04\/Conj_Delta-1536x1097.jpg 1536w, https:\/\/bioalfa.com.br\/site\/wp-content\/uploads\/2021\/04\/Conj_Delta-2048x1463.jpg 2048w\" sizes=\"(max-width: 2480px) 100vw, 2480px\" \/>\t\t\t\t\t\t\n\t\t\t\t\t<\/div>\n\t\t\t\t\t\t<\/a>\t\t\n<style scope=\"scope\">\n\n#image_708107018 {\n  width: 100%;\n}\n<\/style>\n\t<\/div>\n\t\n\t\t<\/div>\n\t<\/div>\n\n\t\n<\/div>\n<div class=\"row\"  id=\"row-684234177\">\n\n\t<div class=\"col small-12 large-12\"  >\n\t\t<div class=\"col-inner text-center\"  >\n\t\t\t\n\t\t\t\n\t<div class=\"img has-hover x md-x lg-x y md-y lg-y\" id=\"image_1415162175\">\n\t\t<a class=\"\" href=\"https:\/\/bioalfa.com.br\/site\/reset-200\/\"  >\t\t\t\t\t\t<div class=\"img-inner dark\" >\n\t\t\t<img width=\"783\" height=\"1183\" src=\"https:\/\/bioalfa.com.br\/site\/wp-content\/uploads\/2021\/04\/Reset_5L.jpg\" class=\"attachment-original size-original\" alt=\"\" loading=\"lazy\" srcset=\"https:\/\/bioalfa.com.br\/site\/wp-content\/uploads\/2021\/04\/Reset_5L.jpg 783w, https:\/\/bioalfa.com.br\/site\/wp-content\/uploads\/2021\/04\/Reset_5L-199x300.jpg 199w, https:\/\/bioalfa.com.br\/site\/wp-content\/uploads\/2021\/04\/Reset_5L-678x1024.jpg 678w, https:\/\/bioalfa.com.br\/site\/wp-content\/uploads\/2021\/04\/Reset_5L-768x1160.jpg 768w\" sizes=\"(max-width: 783px) 100vw, 783px\" \/>\t\t\t\t\t\t\n\t\t\t\t\t<\/div>\n\t\t\t\t\t\t<\/a>\t\t\n<style scope=\"scope\">\n\n#image_1415162175 {\n  width: 50%;\n}\n<\/style>\n\t<\/div>\n\t\n\t\t<\/div>\n\t<\/div>\n\n\t\n<\/div>\n<div class=\"row\"  id=\"row-1708242894\">\n\n\t<div class=\"col small-12 large-12\"  >\n\t\t<div class=\"col-inner text-center\"  >\n\t\t\t\n\t\t\t\n\t<div class=\"img has-hover x md-x lg-x y md-y lg-y\" id=\"image_1944144795\">\n\t\t<a class=\"\" href=\"https:\/\/bioalfa.com.br\/site\/bioseiva\/\"  >\t\t\t\t\t\t<div class=\"img-inner dark\" >\n\t\t\t<img width=\"2083\" height=\"1562\" src=\"https:\/\/bioalfa.com.br\/site\/wp-content\/uploads\/2021\/04\/Bioseiva_Sache.jpg\" class=\"attachment-original size-original\" alt=\"\" loading=\"lazy\" srcset=\"https:\/\/bioalfa.com.br\/site\/wp-content\/uploads\/2021\/04\/Bioseiva_Sache.jpg 2083w, https:\/\/bioalfa.com.br\/site\/wp-content\/uploads\/2021\/04\/Bioseiva_Sache-300x225.jpg 300w, https:\/\/bioalfa.com.br\/site\/wp-content\/uploads\/2021\/04\/Bioseiva_Sache-1024x768.jpg 1024w, https:\/\/bioalfa.com.br\/site\/wp-content\/uploads\/2021\/04\/Bioseiva_Sache-768x576.jpg 768w, https:\/\/bioalfa.com.br\/site\/wp-content\/uploads\/2021\/04\/Bioseiva_Sache-1536x1152.jpg 1536w, https:\/\/bioalfa.com.br\/site\/wp-content\/uploads\/2021\/04\/Bioseiva_Sache-2048x1536.jpg 2048w\" sizes=\"(max-width: 2083px) 100vw, 2083px\" \/>\t\t\t\t\t\t\n\t\t\t\t\t<\/div>\n\t\t\t\t\t\t<\/a>\t\t\n<style scope=\"scope\">\n\n#image_1944144795 {\n  width: 100%;\n}\n<\/style>\n\t<\/div>\n\t\n\t\t<\/div>\n\t<\/div>\n\n\t\n<\/div>\n<div class=\"row\"  id=\"row-1638062542\">\n\n\t<div class=\"col small-12 large-12\"  >\n\t\t<div class=\"col-inner text-center\"  >\n\t\t\t\n\t\t\t\n\t<div class=\"img has-hover x md-x lg-x y md-y lg-y\" id=\"image_155015379\">\n\t\t<a class=\"\" href=\"https:\/\/bioalfa.com.br\/site\/biopol\/\"  >\t\t\t\t\t\t<div class=\"img-inner dark\" >\n\t\t\t<img width=\"2083\" height=\"1562\" src=\"https:\/\/bioalfa.com.br\/site\/wp-content\/uploads\/2021\/04\/Biopol_Sache.jpg\" class=\"attachment-original size-original\" alt=\"\" loading=\"lazy\" srcset=\"https:\/\/bioalfa.com.br\/site\/wp-content\/uploads\/2021\/04\/Biopol_Sache.jpg 2083w, https:\/\/bioalfa.com.br\/site\/wp-content\/uploads\/2021\/04\/Biopol_Sache-300x225.jpg 300w, https:\/\/bioalfa.com.br\/site\/wp-content\/uploads\/2021\/04\/Biopol_Sache-1024x768.jpg 1024w, https:\/\/bioalfa.com.br\/site\/wp-content\/uploads\/2021\/04\/Biopol_Sache-768x576.jpg 768w, https:\/\/bioalfa.com.br\/site\/wp-content\/uploads\/2021\/04\/Biopol_Sache-1536x1152.jpg 1536w, https:\/\/bioalfa.com.br\/site\/wp-content\/uploads\/2021\/04\/Biopol_Sache-2048x1536.jpg 2048w\" sizes=\"(max-width: 2083px) 100vw, 2083px\" \/>\t\t\t\t\t\t\n\t\t\t\t\t<\/div>\n\t\t\t\t\t\t<\/a>\t\t\n<style scope=\"scope\">\n\n#image_155015379 {\n  width: 100%;\n}\n<\/style>\n\t<\/div>\n\t\n\t\t<\/div>\n\t<\/div>\n\n\t\n<\/div>\n     <\/div>\n\n     <div class=\"loading-spin dark large centered\"><\/div>\n\n     <style scope=\"scope\">\n                    #slider-1571458388 .flickity-slider > *{ max-width: 30%!important;\n              <\/style>\n<\/div>\n\n\n\t\t<\/div>\n\n\t\t\n<style scope=\"scope\">\n\n#section_922681073 {\n  padding-top: 75px;\n  padding-bottom: 75px;\n}\n<\/style>\n\t<\/section>\n\t\n","protected":false},"excerpt":{"rendered":"","protected":false},"author":1,"featured_media":0,"parent":0,"menu_order":0,"comment_status":"closed","ping_status":"closed","template":"page-blank.php","meta":[],"_links":{"self":[{"href":"https:\/\/bioalfa.com.br\/site\/wp-json\/wp\/v2\/pages\/142"}],"collection":[{"href":"https:\/\/bioalfa.com.br\/site\/wp-json\/wp\/v2\/pages"}],"about":[{"href":"https:\/\/bioalfa.com.br\/site\/wp-json\/wp\/v2\/types\/page"}],"author":[{"embeddable":true,"href":"https:\/\/bioalfa.com.br\/site\/wp-json\/wp\/v2\/users\/1"}],"replies":[{"embeddable":true,"href":"https:\/\/bioalfa.com.br\/site\/wp-json\/wp\/v2\/comments?post=142"}],"version-history":[{"count":9,"href":"https:\/\/bioalfa.com.br\/site\/wp-json\/wp\/v2\/pages\/142\/revisions"}],"predecessor-version":[{"id":426,"href":"https:\/\/bioalfa.com.br\/site\/wp-json\/wp\/v2\/pages\/142\/revisions\/426"}],"wp:attachment":[{"href":"https:\/\/bioalfa.com.br\/site\/wp-json\/wp\/v2\/media?parent=142"}],"curies":[{"name":"wp","href":"https:\/\/api.w.org\/{rel}","templated":true}]}}